{"id":259,"date":"2020-12-07T09:41:33","date_gmt":"2020-12-07T14:41:33","guid":{"rendered":"http:\/\/www.terracube.ca\/pourquoi-trier\/"},"modified":"2021-08-16T13:09:59","modified_gmt":"2021-08-16T17:09:59","slug":"sorting-centre","status":"publish","type":"page","link":"http:\/\/www.terracube.ca\/en\/sorting-centre\/","title":{"rendered":"Sorting Centre"},"content":{"rendered":"<div class=\"wpb-content-wrapper\"><p>[vc_row full_height=&#8221;yes&#8221; equal_height=&#8221;yes&#8221; content_placement=&#8221;middle&#8221; type=&#8221;in_grid&#8221; video_file_bg=&#8221;true&#8221; el_class=&#8221;a-propos-title&#8221; video_mp4=&#8221;\/wp-content\/uploads\/2020\/12\/Header_Grey_Comp.mp4&#8243;][vc_column][vc_column_text el_class=&#8221;toptitle&#8221;]<span class=\"color-dark-blue\">THE SORTING CENTRE<\/span>[\/vc_column_text][vc_column_text]<\/p>\n<h2>Terracube&#8217;s Sorting Centre wants to contribute to sustainable development and climate change solutions by applying the \u201cPrincipes 3R-V\u201d: <span class=\"color-green\">reduce, reuse, recycle and reclaim.<\/span><\/h2>\n<p>Its mission is also to become a sorting centre recognized for respecting the best practices in the industry, for its participation in research and development, and its excellent customer service.[\/vc_column_text][vc_single_image image=&#8221;750&#8243; img_size=&#8221;full&#8221; alignment=&#8221;center&#8221;][\/vc_column][\/vc_row][vc_row type=&#8221;in_grid&#8221; el_class=&#8221;acc-tagline-row padding-100 white-text center-row&#8221;][vc_column css=&#8221;.vc_custom_1623950902462{background-image: url(http:\/\/www.terracube.ca\/wp-content\/uploads\/2021\/06\/notre-methode-bg.png?id=752) !important;background-position: center !important;background-repeat: no-repeat !important;background-size: cover !important;}&#8221;][vc_column_text]<\/p>\n<h2>Our method<\/h2>\n<p>[\/vc_column_text][vc_column_text]The materials collected in the bins are transported to the sorting centre. Almost all of CRD\u2019s products find a new life with the process of triage and our targeted partnerships. A quick, easy and convenient way to protect the environment![\/vc_column_text][\/vc_column][\/vc_row][vc_row type=&#8221;full_width&#8221;][vc_column]<div class=\"dist-shortcode-container wpb_content_element\">                <div class=\"trois-etapes-row padding-bot-100\">\n    <div class=\"container\">\n        <div class=\"trois-etapes-left\">\n            <div class=\"accueil-toptitle color-green\">\n                <p>OUR STEPS<\/p>\n            <\/div>\n            <div id=\"btn-container\" class=\"trois-etapes-btns\">\n                <p><a href=\"javascript:void(0)\" class=\"selected\">01 Collection of your materials<\/a><\/p>\n                <p><a href=\"javascript:void(0)\">02 Materials categorized and weighed<\/a><\/p>\n                <p><a href=\"javascript:void(0)\">03 Materials Sorted<\/a><\/p>\n                <p><a href=\"javascript:void(0)\">04 Materials Recycled or Converted<\/a><\/p>\n            <\/div>\n        <\/div>\n        <div class=\"trois-etapes-right\">\n            <div id=\"content-container\" class=\"trois-etapes-content\">\n                <div class=\"\">\n                \t<p class=\"trois-etapes-numero\">01<\/p>\n                    <p class=\"trois-etapes-title\">Collection of your materials<\/p>\n                    <p class=\"trois-etapes-desc\">Either we collect your materials through <a href=\"\/en\/dumpster-rentals\/\">our dumpsters<\/a>, from other company's bins, or by bringing your materials (car or trailer) directly to the sorting centre.<\/p>\n                <\/div>\n                <div style=\"display: none;\" class=\"\">\n                \t<p class=\"trois-etapes-numero\">02<\/p>\n                    <p class=\"trois-etapes-title\">Materials categorized and weighed<\/p>\n                    <p class=\"trois-etapes-desc\">The clerk at the balance determines the type of category of materials brought in (for example, CRD, mixed, wood, asphalt, etc.). The dumpster or the trailer is then weighed on entry and exit, on a scale that is certified annually by Measurement Canada. The difference in weight and the type of materials will determine your costs.<\/p>\n                <\/div>\n                <div style=\"display: none;\" class=\"\">\n                    <p class=\"trois-etapes-numero\">03<\/p>\n                    <p class=\"trois-etapes-title\">Materials Sorted<\/p>\n                    <p class=\"trois-etapes-desc\">All the materials received are then sorted into piles or in dedicated dumpsters that follow environmental standards.<\/p>\n                <\/div>\n                <div style=\"display: none;\" class=\"\">\n                    <p class=\"trois-etapes-numero\">04<\/p>\n                    <p class=\"trois-etapes-title\">Materials Recycled or Converted<\/p>\n                    <p class=\"trois-etapes-desc\">Depending on the material sorted, it is then recycled or converted on-site or sent to various markets.<\/p>\n                <\/div>\n            <\/div>\n        <\/div>\n    <\/div>\n<\/div>\n            \n  <\/div>[\/vc_column][\/vc_row][vc_row type=&#8221;in_grid&#8221; el_class=&#8221;white-text padding-100 histoire-centre&#8221; css=&#8221;.vc_custom_1623951401681{background-image: url(http:\/\/centredetri.ca\/wp-content\/uploads\/2020\/12\/stats-bg.jpg?id=66) !important;background-position: center !important;background-repeat: no-repeat !important;background-size: cover !important;}&#8221;][vc_column][vc_column_text]<\/p>\n<h2>History of Terracube&#8217;s Sorting Centre<\/h2>\n<p>[\/vc_column_text][vc_column_text]In business since 2008, Mr. Gilles Forget and Ms. Carole Rochon have seen their companies evolve with time and the demand. Their business activities are part of an era of recycling dry materials. There was no place to dispose of construction, renovation and demolition (CRD) materials in the Haute-Gatineau territory, and the idea of Terracube\u2019s Sorting Centre had been germinating in their heads for several years.[\/vc_column_text][\/vc_column][\/vc_row][vc_row type=&#8221;in_grid&#8221; el_class=&#8221;padding-top-100 debuts-humbles&#8221;][vc_column width=&#8221;1\/2&#8243;][vc_column_text el_class=&#8221;toptitle&#8221;]<span class=\"color-dark-blue\">HUMBLE START<\/span>[\/vc_column_text][vc_column_text]In 2017, the two owners bought a piece of land in Denholm, and from there, the official procedures began. Everything must comply with environmental standards. In the summer of 2018, they obtain their accreditation certificate from the Ministry of Sustainable Development, Environment and the Fight against Climate Change.<\/p>\n<p>A lot of time has passed between the blasting, the construction of the sorting centre&#8217;s infrastructure, and the pandemic. Still, in March 2021, they are proud and happy to finally open their doors to receive their first customers and start making a difference for the environment and surrounding communities.<\/p>\n<p>In the long term, Terracube&#8217;s Sorting Centre would like to partner with universities and college researchers to put into practice new technologies or processes in material recycling. Terracube is a member of the 3R MCDQ (Regroupement des R\u00e9cup\u00e9rateurs et des Recycleurs de Mat\u00e9riaux de Construction et de D\u00e9molition du Qu\u00e9bec).<\/p>\n<p>After 12 months of operation, Terracube aims to obtain the recognition of the CRD Sorter issued by Recyc-Quebec, which seeks to recognize facilities that have best practices. Opening hours vary seasonally. Visit the website or Facebook page.[\/vc_column_text][\/vc_column][vc_column width=&#8221;1\/2&#8243;][vc_row_inner type=&#8221;full_width&#8221;][vc_column_inner el_class=&#8221;margin-bot-35&#8243;][vc_single_image image=&#8221;384&#8243; img_size=&#8221;full&#8221; alignment=&#8221;center&#8221;][\/vc_column_inner][\/vc_row_inner][vc_row_inner type=&#8221;full_width&#8221; el_class=&#8221;debuts-humbles-small-img&#8221;][vc_column_inner width=&#8221;1\/2&#8243;][vc_single_image image=&#8221;382&#8243; img_size=&#8221;full&#8221; alignment=&#8221;center&#8221;][\/vc_column_inner][vc_column_inner width=&#8221;1\/2&#8243;][vc_single_image image=&#8221;380&#8243; img_size=&#8221;full&#8221;][\/vc_column_inner][\/vc_row_inner][vc_column_text el_class=&#8221;padding-top-50 italic&#8221;]<\/p>\n<h2>Sorting for the <span class=\"color-green\">environment<\/span> and our <span class=\"color-green\">future generations!<\/span><\/h2>\n<p>[\/vc_column_text][\/vc_column][\/vc_row][vc_row equal_height=&#8221;yes&#8221; content_placement=&#8221;middle&#8221; type=&#8221;in_grid&#8221; el_class=&#8221;matiere-accepter-conteneur-row conteneur-row-green white-text padding-top-100&#8243;][vc_column][vc_row_inner type=&#8221;full_width&#8221;][vc_column_inner width=&#8221;1\/2&#8243;][vc_column_text]<\/p>\n<h2>Accepted Materials<\/h2>\n<p>[\/vc_column_text][vc_column_text]<\/p>\n<ul>\n<li>MIXED Construction, Renovation, Demolition Materials<\/li>\n<li>Asphalt shingles<\/li>\n<li>Clean wood<\/li>\n<li>Branch, stump<\/li>\n<li>Asphalt<\/li>\n<li>Clean concrete<\/li>\n<li>Reinforced concrete<\/li>\n<li>Ferrous and non-ferrous metals<\/li>\n<li>* Appliances or white goods<\/li>\n<li>* Regular, wide or commercial tire<\/li>\n<li>* Mattress &amp; sofa<\/li>\n<\/ul>\n<p class=\"small-frais\">* may incur additional costs<\/p>\n<p>[\/vc_column_text][\/vc_column_inner][vc_column_inner width=&#8221;1\/2&#8243;][vc_column_text]<\/p>\n<h2>Prohibited Materials<\/h2>\n<p>[\/vc_column_text][vc_column_text]<\/p>\n<ul>\n<li>Household waste<\/li>\n<li>Asbestos<\/li>\n<li>Chemical products<\/li>\n<li>Ammunition, firearms, explosives Including Bengal fire (fireworks)<\/li>\n<li>Radioactive waste<\/li>\n<li>Biomedical waste<\/li>\n<li>Contaminated soils<\/li>\n<li>Railroad sleepers<\/li>\n<li>Animal carcasses<\/li>\n<li>Paint<\/li>\n<li>Hazardous household waste. Anything considered corrosive, toxic, flammable and explosive. Example: Oils, oil filters, lubricants, CFL bulbs, fluorescent tubes (neon), UV lamps, Batteries<\/li>\n<\/ul>\n<p>[\/vc_column_text][\/vc_column_inner][\/vc_row_inner][\/vc_column][\/vc_row][vc_row type=&#8221;in_grid&#8221; el_class=&#8221;padding-100 center-row&#8221;][vc_column][vc_column_text]<\/p>\n<h2>For more information, visit the site <span class=\"color-green\">dedicated to our Sorting Centre!<\/span><\/h2>\n<p>[\/vc_column_text]<a href=\"https:\/\/centredetri.ca\/\" target=\"_blank\" data-text=\"Centredetri.ca\" class=\"dist-btn type3\">Centredetri.ca<\/a>[\/vc_column][\/vc_row]<\/p>\n<\/div>","protected":false},"excerpt":{"rendered":"<p>[vc_row full_height=&#8221;yes&#8221; equal_height=&#8221;yes&#8221; content_placement=&#8221;middle&#8221; type=&#8221;in_grid&#8221; video_file_bg=&#8221;true&#8221; el_class=&#8221;a-propos-title&#8221; video_mp4=&#8221;\/wp-content\/uploads\/2020\/12\/Header_Grey_Comp.mp4&#8243;][vc_column][vc_column_text el_class=&#8221;toptitle&#8221;]THE SORTING CENTRE[\/vc_column_text][vc_column_text] Terracube&#8217;s Sorting Centre wants to contribute to sustainable development and climate change solutions by applying the \u201cPrincipes 3R-V\u201d: reduce, reuse, recycle and reclaim. Its mission is also to become a sorting centre recognized for respecting the best practices in the industry, for its participation [&hellip;]<\/p>\n","protected":false},"author":1,"featured_media":0,"parent":0,"menu_order":0,"comment_status":"closed","ping_status":"closed","template":"","meta":{"_acf_changed":false,"footnotes":""},"class_list":["post-259","page","type-page","status-publish","hentry"],"acf":[],"yoast_head":"<!-- This site is optimized with the Yoast SEO plugin v27.4 - https:\/\/yoast.com\/product\/yoast-seo-wordpress\/ -->\n<title>Sorting Centre &#8211; TerraCube<\/title>\n<meta name=\"robots\" content=\"index, follow, max-snippet:-1, max-image-preview:large, max-video-preview:-1\" \/>\n<link rel=\"canonical\" href=\"http:\/\/www.terracube.ca\/en\/sorting-centre\/\" \/>\n<meta property=\"og:locale\" content=\"en_US\" \/>\n<meta property=\"og:type\" content=\"article\" \/>\n<meta property=\"og:title\" content=\"Sorting Centre &#8211; TerraCube\" \/>\n<meta property=\"og:description\" content=\"[vc_row full_height=&#8221;yes&#8221; equal_height=&#8221;yes&#8221; content_placement=&#8221;middle&#8221; type=&#8221;in_grid&#8221; video_file_bg=&#8221;true&#8221; el_class=&#8221;a-propos-title&#8221; video_mp4=&#8221;\/wp-content\/uploads\/2020\/12\/Header_Grey_Comp.mp4&#8243;][vc_column][vc_column_text el_class=&#8221;toptitle&#8221;]THE SORTING CENTRE[\/vc_column_text][vc_column_text] Terracube&#8217;s Sorting Centre wants to contribute to sustainable development and climate change solutions by applying the \u201cPrincipes 3R-V\u201d: reduce, reuse, recycle and reclaim. Its mission is also to become a sorting centre recognized for respecting the best practices in the industry, for its participation [&hellip;]\" \/>\n<meta property=\"og:url\" content=\"http:\/\/www.terracube.ca\/en\/sorting-centre\/\" \/>\n<meta property=\"og:site_name\" content=\"TerraCube\" \/>\n<meta property=\"article:publisher\" content=\"https:\/\/www.facebook.com\/TerraCubeterre\/\" \/>\n<meta property=\"article:modified_time\" content=\"2021-08-16T17:09:59+00:00\" \/>\n<meta property=\"og:image\" content=\"http:\/\/www.terracube.ca\/wp-content\/uploads\/2021\/07\/social.png\" \/>\n\t<meta property=\"og:image:width\" content=\"1200\" \/>\n\t<meta property=\"og:image:height\" content=\"800\" \/>\n\t<meta property=\"og:image:type\" content=\"image\/png\" \/>\n<meta name=\"twitter:card\" content=\"summary_large_image\" \/>\n<meta name=\"twitter:label1\" content=\"Est. reading time\" \/>\n\t<meta name=\"twitter:data1\" content=\"3 minutes\" \/>\n<script type=\"application\/ld+json\" class=\"yoast-schema-graph\">{\"@context\":\"https:\\\/\\\/schema.org\",\"@graph\":[{\"@type\":\"WebPage\",\"@id\":\"http:\\\/\\\/www.terracube.ca\\\/en\\\/sorting-centre\\\/\",\"url\":\"http:\\\/\\\/www.terracube.ca\\\/en\\\/sorting-centre\\\/\",\"name\":\"Sorting Centre &#8211; TerraCube\",\"isPartOf\":{\"@id\":\"https:\\\/\\\/www.terracube.ca\\\/en\\\/#website\"},\"datePublished\":\"2020-12-07T14:41:33+00:00\",\"dateModified\":\"2021-08-16T17:09:59+00:00\",\"breadcrumb\":{\"@id\":\"http:\\\/\\\/www.terracube.ca\\\/en\\\/sorting-centre\\\/#breadcrumb\"},\"inLanguage\":\"en-US\",\"potentialAction\":[{\"@type\":\"ReadAction\",\"target\":[\"http:\\\/\\\/www.terracube.ca\\\/en\\\/sorting-centre\\\/\"]}]},{\"@type\":\"BreadcrumbList\",\"@id\":\"http:\\\/\\\/www.terracube.ca\\\/en\\\/sorting-centre\\\/#breadcrumb\",\"itemListElement\":[{\"@type\":\"ListItem\",\"position\":1,\"name\":\"Accueil\",\"item\":\"https:\\\/\\\/www.terracube.ca\\\/en\\\/\"},{\"@type\":\"ListItem\",\"position\":2,\"name\":\"Sorting Centre\"}]},{\"@type\":\"WebSite\",\"@id\":\"https:\\\/\\\/www.terracube.ca\\\/en\\\/#website\",\"url\":\"https:\\\/\\\/www.terracube.ca\\\/en\\\/\",\"name\":\"TerraCube\",\"description\":\"Location de conteneurs &amp; Mat\u00e9riaux en vrac\",\"publisher\":{\"@id\":\"https:\\\/\\\/www.terracube.ca\\\/en\\\/#organization\"},\"potentialAction\":[{\"@type\":\"SearchAction\",\"target\":{\"@type\":\"EntryPoint\",\"urlTemplate\":\"https:\\\/\\\/www.terracube.ca\\\/en\\\/?s={search_term_string}\"},\"query-input\":{\"@type\":\"PropertyValueSpecification\",\"valueRequired\":true,\"valueName\":\"search_term_string\"}}],\"inLanguage\":\"en-US\"},{\"@type\":\"Organization\",\"@id\":\"https:\\\/\\\/www.terracube.ca\\\/en\\\/#organization\",\"name\":\"TerraCube\",\"url\":\"https:\\\/\\\/www.terracube.ca\\\/en\\\/\",\"logo\":{\"@type\":\"ImageObject\",\"inLanguage\":\"en-US\",\"@id\":\"https:\\\/\\\/www.terracube.ca\\\/en\\\/#\\\/schema\\\/logo\\\/image\\\/\",\"url\":\"http:\\\/\\\/www.terracube.ca\\\/wp-content\\\/uploads\\\/2021\\\/06\\\/terracube-logo-red.png\",\"contentUrl\":\"http:\\\/\\\/www.terracube.ca\\\/wp-content\\\/uploads\\\/2021\\\/06\\\/terracube-logo-red.png\",\"width\":234,\"height\":70,\"caption\":\"TerraCube\"},\"image\":{\"@id\":\"https:\\\/\\\/www.terracube.ca\\\/en\\\/#\\\/schema\\\/logo\\\/image\\\/\"},\"sameAs\":[\"https:\\\/\\\/www.facebook.com\\\/TerraCubeterre\\\/\"]}]}<\/script>\n<!-- \/ Yoast SEO plugin. -->","yoast_head_json":{"title":"Sorting Centre &#8211; TerraCube","robots":{"index":"index","follow":"follow","max-snippet":"max-snippet:-1","max-image-preview":"max-image-preview:large","max-video-preview":"max-video-preview:-1"},"canonical":"http:\/\/www.terracube.ca\/en\/sorting-centre\/","og_locale":"en_US","og_type":"article","og_title":"Sorting Centre &#8211; TerraCube","og_description":"[vc_row full_height=&#8221;yes&#8221; equal_height=&#8221;yes&#8221; content_placement=&#8221;middle&#8221; type=&#8221;in_grid&#8221; video_file_bg=&#8221;true&#8221; el_class=&#8221;a-propos-title&#8221; video_mp4=&#8221;\/wp-content\/uploads\/2020\/12\/Header_Grey_Comp.mp4&#8243;][vc_column][vc_column_text el_class=&#8221;toptitle&#8221;]THE SORTING CENTRE[\/vc_column_text][vc_column_text] Terracube&#8217;s Sorting Centre wants to contribute to sustainable development and climate change solutions by applying the \u201cPrincipes 3R-V\u201d: reduce, reuse, recycle and reclaim. Its mission is also to become a sorting centre recognized for respecting the best practices in the industry, for its participation [&hellip;]","og_url":"http:\/\/www.terracube.ca\/en\/sorting-centre\/","og_site_name":"TerraCube","article_publisher":"https:\/\/www.facebook.com\/TerraCubeterre\/","article_modified_time":"2021-08-16T17:09:59+00:00","og_image":[{"width":1200,"height":800,"url":"http:\/\/www.terracube.ca\/wp-content\/uploads\/2021\/07\/social.png","type":"image\/png"}],"twitter_card":"summary_large_image","twitter_misc":{"Est. reading time":"3 minutes"},"schema":{"@context":"https:\/\/schema.org","@graph":[{"@type":"WebPage","@id":"http:\/\/www.terracube.ca\/en\/sorting-centre\/","url":"http:\/\/www.terracube.ca\/en\/sorting-centre\/","name":"Sorting Centre &#8211; TerraCube","isPartOf":{"@id":"https:\/\/www.terracube.ca\/en\/#website"},"datePublished":"2020-12-07T14:41:33+00:00","dateModified":"2021-08-16T17:09:59+00:00","breadcrumb":{"@id":"http:\/\/www.terracube.ca\/en\/sorting-centre\/#breadcrumb"},"inLanguage":"en-US","potentialAction":[{"@type":"ReadAction","target":["http:\/\/www.terracube.ca\/en\/sorting-centre\/"]}]},{"@type":"BreadcrumbList","@id":"http:\/\/www.terracube.ca\/en\/sorting-centre\/#breadcrumb","itemListElement":[{"@type":"ListItem","position":1,"name":"Accueil","item":"https:\/\/www.terracube.ca\/en\/"},{"@type":"ListItem","position":2,"name":"Sorting Centre"}]},{"@type":"WebSite","@id":"https:\/\/www.terracube.ca\/en\/#website","url":"https:\/\/www.terracube.ca\/en\/","name":"TerraCube","description":"Location de conteneurs &amp; Mat\u00e9riaux en vrac","publisher":{"@id":"https:\/\/www.terracube.ca\/en\/#organization"},"potentialAction":[{"@type":"SearchAction","target":{"@type":"EntryPoint","urlTemplate":"https:\/\/www.terracube.ca\/en\/?s={search_term_string}"},"query-input":{"@type":"PropertyValueSpecification","valueRequired":true,"valueName":"search_term_string"}}],"inLanguage":"en-US"},{"@type":"Organization","@id":"https:\/\/www.terracube.ca\/en\/#organization","name":"TerraCube","url":"https:\/\/www.terracube.ca\/en\/","logo":{"@type":"ImageObject","inLanguage":"en-US","@id":"https:\/\/www.terracube.ca\/en\/#\/schema\/logo\/image\/","url":"http:\/\/www.terracube.ca\/wp-content\/uploads\/2021\/06\/terracube-logo-red.png","contentUrl":"http:\/\/www.terracube.ca\/wp-content\/uploads\/2021\/06\/terracube-logo-red.png","width":234,"height":70,"caption":"TerraCube"},"image":{"@id":"https:\/\/www.terracube.ca\/en\/#\/schema\/logo\/image\/"},"sameAs":["https:\/\/www.facebook.com\/TerraCubeterre\/"]}]}},"_links":{"self":[{"href":"http:\/\/www.terracube.ca\/en\/wp-json\/wp\/v2\/pages\/259","targetHints":{"allow":["GET"]}}],"collection":[{"href":"http:\/\/www.terracube.ca\/en\/wp-json\/wp\/v2\/pages"}],"about":[{"href":"http:\/\/www.terracube.ca\/en\/wp-json\/wp\/v2\/types\/page"}],"author":[{"embeddable":true,"href":"http:\/\/www.terracube.ca\/en\/wp-json\/wp\/v2\/users\/1"}],"replies":[{"embeddable":true,"href":"http:\/\/www.terracube.ca\/en\/wp-json\/wp\/v2\/comments?post=259"}],"version-history":[{"count":17,"href":"http:\/\/www.terracube.ca\/en\/wp-json\/wp\/v2\/pages\/259\/revisions"}],"predecessor-version":[{"id":1208,"href":"http:\/\/www.terracube.ca\/en\/wp-json\/wp\/v2\/pages\/259\/revisions\/1208"}],"wp:attachment":[{"href":"http:\/\/www.terracube.ca\/en\/wp-json\/wp\/v2\/media?parent=259"}],"curies":[{"name":"wp","href":"https:\/\/api.w.org\/{rel}","templated":true}]}}